{"id":50,"date":"2023-04-26T07:48:38","date_gmt":"2023-04-26T07:48:38","guid":{"rendered":"https:\/\/vseved-slovenija.si\/?page_id=50"},"modified":"2025-02-02T22:34:47","modified_gmt":"2025-02-02T22:34:47","slug":"oglasujte-pri-nas","status":"publish","type":"page","link":"https:\/\/vseved-slovenija.si\/?page_id=50","title":{"rendered":"OGLA\u0160UJTE PRI NAS"},"content":{"rendered":"<div class=\"row\"  id=\"row-1489137882\">\n\n\t<div id=\"col-71379637\" class=\"col small-12 large-12\"  >\n\t\t\t\t<div class=\"col-inner\"  >\n\t\t\t\n\t\t\t\n\t<div id=\"gap-838648338\" class=\"gap-element clearfix\" style=\"display:block; height:auto;\">\n\t\t\n<style>\n#gap-838648338 {\n  padding-top: 48px;\n}\n<\/style>\n\t<\/div>\n\t\n<h2 class=\"uppercase\">OGLA\u0160UJTE PRI NAS<\/h2>\n\t<div id=\"text-1015267274\" class=\"text\">\n\t\t\n<p>\u017delite izpostaviti svojo aplikacijo ali spletno stran? Pri VSEVEDu vam nudimo oglasni prostor, ki bo dosegel ve\u010d kot 10.000 ljudi na mesec!<br \/>\n\t\t\n<style>\n#text-1015267274 {\n  font-size: 1.25rem;\n}\n<\/style>\n\t<\/div>\n\t\n\t\t<\/div>\n\t\t\t\t\t<\/div>\n\n\t\n<\/div>\n\t<section class=\"section\" id=\"section_1590870523\">\n\t\t<div class=\"bg section-bg fill bg-fill  bg-loaded\" >\n\n\t\t\t\n\t\t\t<div class=\"section-bg-overlay absolute fill\"><\/div>\n\t\t\t\n\n\t\t<\/div>\n\n\t\t\n\n\t\t<div class=\"section-content relative\">\n\t\t\t\n<div class=\"row row-large align-middle\"  id=\"row-595547764\">\n\n\t<div id=\"col-1712176733\" class=\"col medium-6 small-7 large-6\"  >\n\t\t\t\t<div class=\"col-inner\"  >\n\t\t\t\n\t\t\t\n\t<div class=\"img has-hover x md-x lg-x y md-y lg-y\" id=\"image_394181479\">\n\t\t\t\t\t\t\t\t<div class=\"img-inner dark\" >\n\t\t\t<img loading=\"lazy\" decoding=\"async\" width=\"562\" height=\"1024\" src=\"https:\/\/vseved-slovenija.si\/wp-content\/uploads\/2023\/05\/IMG_8753-562x1024.jpeg\" class=\"attachment-large size-large\" alt=\"\" srcset=\"https:\/\/vseved-slovenija.si\/wp-content\/uploads\/2023\/05\/IMG_8753-562x1024.jpeg 562w, https:\/\/vseved-slovenija.si\/wp-content\/uploads\/2023\/05\/IMG_8753-165x300.jpeg 165w, https:\/\/vseved-slovenija.si\/wp-content\/uploads\/2023\/05\/IMG_8753-768x1399.jpeg 768w, https:\/\/vseved-slovenija.si\/wp-content\/uploads\/2023\/05\/IMG_8753-843x1536.jpeg 843w, https:\/\/vseved-slovenija.si\/wp-content\/uploads\/2023\/05\/IMG_8753-1124x2048.jpeg 1124w, https:\/\/vseved-slovenija.si\/wp-content\/uploads\/2023\/05\/IMG_8753.jpeg 1169w\" sizes=\"auto, (max-width: 562px) 100vw, 562px\" \/>\t\t\t\t\t\t\n\t\t\t\t\t<\/div>\n\t\t\t\t\t\t\t\t\n<style>\n#image_394181479 {\n  width: 91%;\n}\n@media (min-width:550px) {\n  #image_394181479 {\n    width: 72%;\n  }\n}\n<\/style>\n\t<\/div>\n\t\n\t\t<\/div>\n\t\t\t\t\t<\/div>\n\n\t\n\n\t<div id=\"col-1136456246\" class=\"col medium-6 small-5 large-6\"  >\n\t\t\t\t<div class=\"col-inner text-left\"  >\n\t\t\t\n\t\t\t\n\t<div id=\"text-497575751\" class=\"text\">\n\t\t\n<h2>Ve\u010d informacij<\/h2>\n<p><a href=\"https:\/\/vseved-slovenija.si\/assets\/ADS\/VSEVED-oglasi.pdf\">-&gt; Kliknite tukaj za prenos dokumenta z vsemi informacijami.<\/a><br \/>\n\t\t\n<style>\n#text-497575751 {\n  font-size: 1.3rem;\n}\n<\/style>\n\t<\/div>\n\t\n<h2 class=\"uppercase\">ali nas pa kontaktirajte na:<\/h2>\n<h3>Tel: 040 489 654<\/h3>\n<h3>Email: office@abrams.si<\/h3>\n\t\t<\/div>\n\t\t\t\t\t<\/div>\n\n\t\n<\/div>\n\t<div id=\"gap-493982300\" class=\"gap-element clearfix\" style=\"display:block; height:auto;\">\n\t\t\n<style>\n#gap-493982300 {\n  padding-top: 30px;\n}\n<\/style>\n\t<\/div>\n\t\n\t\t<\/div>\n\n\t\t\n<style>\n#section_1590870523 {\n  padding-top: 3px;\n  padding-bottom: 3px;\n  background-color: rgb(255,255,255);\n}\n#section_1590870523 .section-bg-overlay {\n  background-color: rgba(255, 255, 255, 0.85);\n}\n<\/style>\n\t<\/section>\n\t\n","protected":false},"excerpt":{"rendered":"","protected":false},"author":1,"featured_media":0,"parent":0,"menu_order":0,"comment_status":"closed","ping_status":"closed","template":"page-blank.php","meta":{"footnotes":""},"class_list":["post-50","page","type-page","status-publish","hentry"],"yoast_head":"<!-- This site is optimized with the Yoast SEO plugin v24.2 - https:\/\/yoast.com\/wordpress\/plugins\/seo\/ -->\n<title>OGLA\u0160UJTE PRI NAS - VSEVED Slovenija<\/title>\n<meta name=\"description\" content=\"Ogla\u0161ujte pri nas! Va\u0161 oglas si bo mese\u010dno ogledalo ve\u010d kot 10.000 ljudi. Ugodno ogla\u0161evanje. VSEVED Slovenija igra\" \/>\n<meta name=\"robots\" content=\"index, follow, max-snippet:-1, max-image-preview:large, max-video-preview:-1\" \/>\n<link rel=\"canonical\" href=\"https:\/\/vseved-slovenija.si\/?page_id=50\" \/>\n<meta property=\"og:locale\" content=\"sl_SI\" \/>\n<meta property=\"og:type\" content=\"article\" \/>\n<meta property=\"og:title\" content=\"OGLA\u0160UJTE PRI NAS - VSEVED Slovenija\" \/>\n<meta property=\"og:description\" content=\"Ogla\u0161ujte pri nas! Va\u0161 oglas si bo mese\u010dno ogledalo ve\u010d kot 10.000 ljudi. Ugodno ogla\u0161evanje. VSEVED Slovenija igra\" \/>\n<meta property=\"og:url\" content=\"https:\/\/vseved-slovenija.si\/?page_id=50\" \/>\n<meta property=\"og:site_name\" content=\"VSEVED Slovenija\" \/>\n<meta property=\"article:publisher\" content=\"https:\/\/www.facebook.com\/vsevedslovenija\" \/>\n<meta property=\"article:modified_time\" content=\"2025-02-02T22:34:47+00:00\" \/>\n<meta name=\"twitter:card\" content=\"summary_large_image\" \/>\n<meta name=\"twitter:label1\" content=\"Est. reading time\" \/>\n\t<meta name=\"twitter:data1\" content=\"1 minuta\" \/>\n<script type=\"application\/ld+json\" class=\"yoast-schema-graph\">{\"@context\":\"https:\/\/schema.org\",\"@graph\":[{\"@type\":\"WebPage\",\"@id\":\"https:\/\/vseved-slovenija.si\/?page_id=50\",\"url\":\"https:\/\/vseved-slovenija.si\/?page_id=50\",\"name\":\"OGLA\u0160UJTE PRI NAS - VSEVED Slovenija\",\"isPartOf\":{\"@id\":\"https:\/\/vseved-slovenija.si\/#website\"},\"datePublished\":\"2023-04-26T07:48:38+00:00\",\"dateModified\":\"2025-02-02T22:34:47+00:00\",\"description\":\"Ogla\u0161ujte pri nas! Va\u0161 oglas si bo mese\u010dno ogledalo ve\u010d kot 10.000 ljudi. Ugodno ogla\u0161evanje. VSEVED Slovenija igra\",\"breadcrumb\":{\"@id\":\"https:\/\/vseved-slovenija.si\/?page_id=50#breadcrumb\"},\"inLanguage\":\"sl-SI\",\"potentialAction\":[{\"@type\":\"ReadAction\",\"target\":[\"https:\/\/vseved-slovenija.si\/?page_id=50\"]}]},{\"@type\":\"BreadcrumbList\",\"@id\":\"https:\/\/vseved-slovenija.si\/?page_id=50#breadcrumb\",\"itemListElement\":[{\"@type\":\"ListItem\",\"position\":1,\"name\":\"Home\",\"item\":\"https:\/\/vseved-slovenija.si\/\"},{\"@type\":\"ListItem\",\"position\":2,\"name\":\"OGLA\u0160UJTE PRI NAS\"}]},{\"@type\":\"WebSite\",\"@id\":\"https:\/\/vseved-slovenija.si\/#website\",\"url\":\"https:\/\/vseved-slovenija.si\/\",\"name\":\"VSEVED Slovenija\",\"description\":\"Uradna stran aplikacije VSEVED Slovenija\",\"publisher\":{\"@id\":\"https:\/\/vseved-slovenija.si\/#organization\"},\"potentialAction\":[{\"@type\":\"SearchAction\",\"target\":{\"@type\":\"EntryPoint\",\"urlTemplate\":\"https:\/\/vseved-slovenija.si\/?s={search_term_string}\"},\"query-input\":{\"@type\":\"PropertyValueSpecification\",\"valueRequired\":true,\"valueName\":\"search_term_string\"}}],\"inLanguage\":\"sl-SI\"},{\"@type\":\"Organization\",\"@id\":\"https:\/\/vseved-slovenija.si\/#organization\",\"name\":\"VSEVED Slovenija\",\"url\":\"https:\/\/vseved-slovenija.si\/\",\"logo\":{\"@type\":\"ImageObject\",\"inLanguage\":\"sl-SI\",\"@id\":\"https:\/\/vseved-slovenija.si\/#\/schema\/logo\/image\/\",\"url\":\"https:\/\/vseved-slovenija.si\/wp-content\/uploads\/2023\/04\/logo_small.png\",\"contentUrl\":\"https:\/\/vseved-slovenija.si\/wp-content\/uploads\/2023\/04\/logo_small.png\",\"width\":240,\"height\":240,\"caption\":\"VSEVED Slovenija\"},\"image\":{\"@id\":\"https:\/\/vseved-slovenija.si\/#\/schema\/logo\/image\/\"},\"sameAs\":[\"https:\/\/www.facebook.com\/vsevedslovenija\"]}]}<\/script>\n<!-- \/ Yoast SEO plugin. -->","yoast_head_json":{"title":"OGLA\u0160UJTE PRI NAS - VSEVED Slovenija","description":"Ogla\u0161ujte pri nas! Va\u0161 oglas si bo mese\u010dno ogledalo ve\u010d kot 10.000 ljudi. Ugodno ogla\u0161evanje. VSEVED Slovenija igra","robots":{"index":"index","follow":"follow","max-snippet":"max-snippet:-1","max-image-preview":"max-image-preview:large","max-video-preview":"max-video-preview:-1"},"canonical":"https:\/\/vseved-slovenija.si\/?page_id=50","og_locale":"sl_SI","og_type":"article","og_title":"OGLA\u0160UJTE PRI NAS - VSEVED Slovenija","og_description":"Ogla\u0161ujte pri nas! Va\u0161 oglas si bo mese\u010dno ogledalo ve\u010d kot 10.000 ljudi. Ugodno ogla\u0161evanje. VSEVED Slovenija igra","og_url":"https:\/\/vseved-slovenija.si\/?page_id=50","og_site_name":"VSEVED Slovenija","article_publisher":"https:\/\/www.facebook.com\/vsevedslovenija","article_modified_time":"2025-02-02T22:34:47+00:00","twitter_card":"summary_large_image","twitter_misc":{"Est. reading time":"1 minuta"},"schema":{"@context":"https:\/\/schema.org","@graph":[{"@type":"WebPage","@id":"https:\/\/vseved-slovenija.si\/?page_id=50","url":"https:\/\/vseved-slovenija.si\/?page_id=50","name":"OGLA\u0160UJTE PRI NAS - VSEVED Slovenija","isPartOf":{"@id":"https:\/\/vseved-slovenija.si\/#website"},"datePublished":"2023-04-26T07:48:38+00:00","dateModified":"2025-02-02T22:34:47+00:00","description":"Ogla\u0161ujte pri nas! Va\u0161 oglas si bo mese\u010dno ogledalo ve\u010d kot 10.000 ljudi. Ugodno ogla\u0161evanje. VSEVED Slovenija igra","breadcrumb":{"@id":"https:\/\/vseved-slovenija.si\/?page_id=50#breadcrumb"},"inLanguage":"sl-SI","potentialAction":[{"@type":"ReadAction","target":["https:\/\/vseved-slovenija.si\/?page_id=50"]}]},{"@type":"BreadcrumbList","@id":"https:\/\/vseved-slovenija.si\/?page_id=50#breadcrumb","itemListElement":[{"@type":"ListItem","position":1,"name":"Home","item":"https:\/\/vseved-slovenija.si\/"},{"@type":"ListItem","position":2,"name":"OGLA\u0160UJTE PRI NAS"}]},{"@type":"WebSite","@id":"https:\/\/vseved-slovenija.si\/#website","url":"https:\/\/vseved-slovenija.si\/","name":"VSEVED Slovenija","description":"Uradna stran aplikacije VSEVED Slovenija","publisher":{"@id":"https:\/\/vseved-slovenija.si\/#organization"},"potentialAction":[{"@type":"SearchAction","target":{"@type":"EntryPoint","urlTemplate":"https:\/\/vseved-slovenija.si\/?s={search_term_string}"},"query-input":{"@type":"PropertyValueSpecification","valueRequired":true,"valueName":"search_term_string"}}],"inLanguage":"sl-SI"},{"@type":"Organization","@id":"https:\/\/vseved-slovenija.si\/#organization","name":"VSEVED Slovenija","url":"https:\/\/vseved-slovenija.si\/","logo":{"@type":"ImageObject","inLanguage":"sl-SI","@id":"https:\/\/vseved-slovenija.si\/#\/schema\/logo\/image\/","url":"https:\/\/vseved-slovenija.si\/wp-content\/uploads\/2023\/04\/logo_small.png","contentUrl":"https:\/\/vseved-slovenija.si\/wp-content\/uploads\/2023\/04\/logo_small.png","width":240,"height":240,"caption":"VSEVED Slovenija"},"image":{"@id":"https:\/\/vseved-slovenija.si\/#\/schema\/logo\/image\/"},"sameAs":["https:\/\/www.facebook.com\/vsevedslovenija"]}]}},"_links":{"self":[{"href":"https:\/\/vseved-slovenija.si\/index.php?rest_route=\/wp\/v2\/pages\/50","targetHints":{"allow":["GET"]}}],"collection":[{"href":"https:\/\/vseved-slovenija.si\/index.php?rest_route=\/wp\/v2\/pages"}],"about":[{"href":"https:\/\/vseved-slovenija.si\/index.php?rest_route=\/wp\/v2\/types\/page"}],"author":[{"embeddable":true,"href":"https:\/\/vseved-slovenija.si\/index.php?rest_route=\/wp\/v2\/users\/1"}],"replies":[{"embeddable":true,"href":"https:\/\/vseved-slovenija.si\/index.php?rest_route=%2Fwp%2Fv2%2Fcomments&post=50"}],"version-history":[{"count":18,"href":"https:\/\/vseved-slovenija.si\/index.php?rest_route=\/wp\/v2\/pages\/50\/revisions"}],"predecessor-version":[{"id":230,"href":"https:\/\/vseved-slovenija.si\/index.php?rest_route=\/wp\/v2\/pages\/50\/revisions\/230"}],"wp:attachment":[{"href":"https:\/\/vseved-slovenija.si\/index.php?rest_route=%2Fwp%2Fv2%2Fmedia&parent=50"}],"curies":[{"name":"wp","href":"https:\/\/api.w.org\/{rel}","templated":true}]}}